{"id":1969,"date":"2020-04-07T14:31:01","date_gmt":"2020-04-07T12:31:01","guid":{"rendered":"http:\/\/www.lodges-chambord.com\/startseite\/"},"modified":"2025-03-09T16:00:24","modified_gmt":"2025-03-09T15:00:24","slug":"startseite","status":"publish","type":"page","link":"https:\/\/www.lodges-chambord.com\/de\/","title":{"rendered":"Startseite"},"content":{"rendered":"","protected":false},"excerpt":{"rendered":"","protected":false},"author":1,"featured_media":0,"parent":0,"menu_order":0,"comment_status":"closed","ping_status":"closed","template":"","meta":{"_acf_changed":false,"inline_featured_image":false,"footnotes":""},"class_list":["post-1969","page","type-page","status-publish","hentry"],"acf":[],"yoast_head":"<!-- This site is optimized with the Yoast SEO plugin v23.9 - https:\/\/yoast.com\/wordpress\/plugins\/seo\/ -->\n<title>Campingplatz Chambord | Camping 3 sterne Pays de la Loire | Camping Blois<\/title>\n<meta name=\"description\" content=\"In der N\u00e4he von Chambord bis Mont-pr\u00e9s-Chambord, 24 Ferienwohnungen im Geiste der Natur, f\u00fcr 2 bis 6 Personen: H\u00fctten, Lodges, F\u00e4sser, schwimmende H\u00fctte...\" \/>\n<meta name=\"robots\" content=\"index, follow, max-snippet:-1, max-image-preview:large, max-video-preview:-1\" \/>\n<link rel=\"canonical\" href=\"https:\/\/www.lodges-chambord.com\/de\/\" \/>\n<meta property=\"og:locale\" content=\"de_DE\" \/>\n<meta property=\"og:type\" content=\"article\" \/>\n<meta property=\"og:title\" content=\"Campingplatz Chambord | Camping 3 sterne Pays de la Loire | Camping Blois\" \/>\n<meta property=\"og:description\" content=\"In der N\u00e4he von Chambord bis Mont-pr\u00e9s-Chambord, 24 Ferienwohnungen im Geiste der Natur, f\u00fcr 2 bis 6 Personen: H\u00fctten, Lodges, F\u00e4sser, schwimmende H\u00fctte...\" \/>\n<meta property=\"og:url\" content=\"https:\/\/www.lodges-chambord.com\/de\/\" \/>\n<meta property=\"og:site_name\" content=\"Lodges de Blois Chambord\" \/>\n<meta property=\"article:modified_time\" content=\"2025-03-09T15:00:24+00:00\" \/>\n<meta name=\"twitter:card\" content=\"summary_large_image\" \/>\n<script type=\"application\/ld+json\" class=\"yoast-schema-graph\">{\"@context\":\"https:\/\/schema.org\",\"@graph\":[{\"@type\":\"WebPage\",\"@id\":\"https:\/\/www.lodges-chambord.com\/de\/\",\"url\":\"https:\/\/www.lodges-chambord.com\/de\/\",\"name\":\"Campingplatz Chambord | Camping 3 sterne Pays de la Loire | Camping Blois\",\"isPartOf\":{\"@id\":\"https:\/\/www.lodges-chambord.com\/de\/#website\"},\"datePublished\":\"2020-04-07T12:31:01+00:00\",\"dateModified\":\"2025-03-09T15:00:24+00:00\",\"description\":\"In der N\u00e4he von Chambord bis Mont-pr\u00e9s-Chambord, 24 Ferienwohnungen im Geiste der Natur, f\u00fcr 2 bis 6 Personen: H\u00fctten, Lodges, F\u00e4sser, schwimmende H\u00fctte...\",\"breadcrumb\":{\"@id\":\"https:\/\/www.lodges-chambord.com\/de\/#breadcrumb\"},\"inLanguage\":\"de\",\"potentialAction\":[{\"@type\":\"ReadAction\",\"target\":[\"https:\/\/www.lodges-chambord.com\/de\/\"]}]},{\"@type\":\"BreadcrumbList\",\"@id\":\"https:\/\/www.lodges-chambord.com\/de\/#breadcrumb\",\"itemListElement\":[{\"@type\":\"ListItem\",\"position\":1,\"name\":\"Camping Chambord\",\"item\":\"https:\/\/www.lodges-chambord.com\/de\/\"},{\"@type\":\"ListItem\",\"position\":2,\"name\":\"Startseite\"}]},{\"@type\":\"WebSite\",\"@id\":\"https:\/\/www.lodges-chambord.com\/de\/#website\",\"url\":\"https:\/\/www.lodges-chambord.com\/de\/\",\"name\":\"Lodges de Blois Chambord\",\"description\":\"\",\"potentialAction\":[{\"@type\":\"SearchAction\",\"target\":{\"@type\":\"EntryPoint\",\"urlTemplate\":\"https:\/\/www.lodges-chambord.com\/de\/?s={search_term_string}\"},\"query-input\":{\"@type\":\"PropertyValueSpecification\",\"valueRequired\":true,\"valueName\":\"search_term_string\"}}],\"inLanguage\":\"de\"}]}<\/script>\n<!-- \/ Yoast SEO plugin. -->","yoast_head_json":{"title":"Campingplatz Chambord | Camping 3 sterne Pays de la Loire | Camping Blois","description":"In der N\u00e4he von Chambord bis Mont-pr\u00e9s-Chambord, 24 Ferienwohnungen im Geiste der Natur, f\u00fcr 2 bis 6 Personen: H\u00fctten, Lodges, F\u00e4sser, schwimmende H\u00fctte...","robots":{"index":"index","follow":"follow","max-snippet":"max-snippet:-1","max-image-preview":"max-image-preview:large","max-video-preview":"max-video-preview:-1"},"canonical":"https:\/\/www.lodges-chambord.com\/de\/","og_locale":"de_DE","og_type":"article","og_title":"Campingplatz Chambord | Camping 3 sterne Pays de la Loire | Camping Blois","og_description":"In der N\u00e4he von Chambord bis Mont-pr\u00e9s-Chambord, 24 Ferienwohnungen im Geiste der Natur, f\u00fcr 2 bis 6 Personen: H\u00fctten, Lodges, F\u00e4sser, schwimmende H\u00fctte...","og_url":"https:\/\/www.lodges-chambord.com\/de\/","og_site_name":"Lodges de Blois Chambord","article_modified_time":"2025-03-09T15:00:24+00:00","twitter_card":"summary_large_image","schema":{"@context":"https:\/\/schema.org","@graph":[{"@type":"WebPage","@id":"https:\/\/www.lodges-chambord.com\/de\/","url":"https:\/\/www.lodges-chambord.com\/de\/","name":"Campingplatz Chambord | Camping 3 sterne Pays de la Loire | Camping Blois","isPartOf":{"@id":"https:\/\/www.lodges-chambord.com\/de\/#website"},"datePublished":"2020-04-07T12:31:01+00:00","dateModified":"2025-03-09T15:00:24+00:00","description":"In der N\u00e4he von Chambord bis Mont-pr\u00e9s-Chambord, 24 Ferienwohnungen im Geiste der Natur, f\u00fcr 2 bis 6 Personen: H\u00fctten, Lodges, F\u00e4sser, schwimmende H\u00fctte...","breadcrumb":{"@id":"https:\/\/www.lodges-chambord.com\/de\/#breadcrumb"},"inLanguage":"de","potentialAction":[{"@type":"ReadAction","target":["https:\/\/www.lodges-chambord.com\/de\/"]}]},{"@type":"BreadcrumbList","@id":"https:\/\/www.lodges-chambord.com\/de\/#breadcrumb","itemListElement":[{"@type":"ListItem","position":1,"name":"Camping Chambord","item":"https:\/\/www.lodges-chambord.com\/de\/"},{"@type":"ListItem","position":2,"name":"Startseite"}]},{"@type":"WebSite","@id":"https:\/\/www.lodges-chambord.com\/de\/#website","url":"https:\/\/www.lodges-chambord.com\/de\/","name":"Lodges de Blois Chambord","description":"","potentialAction":[{"@type":"SearchAction","target":{"@type":"EntryPoint","urlTemplate":"https:\/\/www.lodges-chambord.com\/de\/?s={search_term_string}"},"query-input":{"@type":"PropertyValueSpecification","valueRequired":true,"valueName":"search_term_string"}}],"inLanguage":"de"}]}},"_links":{"self":[{"href":"https:\/\/www.lodges-chambord.com\/de\/wp-json\/wp\/v2\/pages\/1969"}],"collection":[{"href":"https:\/\/www.lodges-chambord.com\/de\/wp-json\/wp\/v2\/pages"}],"about":[{"href":"https:\/\/www.lodges-chambord.com\/de\/wp-json\/wp\/v2\/types\/page"}],"author":[{"embeddable":true,"href":"https:\/\/www.lodges-chambord.com\/de\/wp-json\/wp\/v2\/users\/1"}],"replies":[{"embeddable":true,"href":"https:\/\/www.lodges-chambord.com\/de\/wp-json\/wp\/v2\/comments?post=1969"}],"version-history":[{"count":2,"href":"https:\/\/www.lodges-chambord.com\/de\/wp-json\/wp\/v2\/pages\/1969\/revisions"}],"predecessor-version":[{"id":4419,"href":"https:\/\/www.lodges-chambord.com\/de\/wp-json\/wp\/v2\/pages\/1969\/revisions\/4419"}],"wp:attachment":[{"href":"https:\/\/www.lodges-chambord.com\/de\/wp-json\/wp\/v2\/media?parent=1969"}],"curies":[{"name":"wp","href":"https:\/\/api.w.org\/{rel}","templated":true}]}}