{"id":1985,"date":"2020-04-07T15:29:02","date_gmt":"2020-04-07T13:29:02","guid":{"rendered":"http:\/\/www.lodges-chambord.com\/datenschutzerklarung\/"},"modified":"2020-04-07T16:16:59","modified_gmt":"2020-04-07T14:16:59","slug":"datenschutzerklarung","status":"publish","type":"page","link":"https:\/\/www.lodges-chambord.com\/de\/datenschutzerklarung\/","title":{"rendered":"Datenschutzerklarung"},"content":{"rendered":"<h2 class=\"wp-block-heading\">Wer sind wir?<\/h2><p>Die Adresse unserer Website lautet\u00a0: http:\/\/www.lodges-chambord.com.<\/p><h2 class=\"wp-block-heading\">Verwendung der gesammelten pers\u00f6nlichen Daten<\/h2><h3 class=\"wp-block-heading\">Anmerkungen<\/h3><p>Wenn Sie einen Kommentar auf unserer Website hinterlassen, werden die im Kommentarformular eingegebenen Daten, Ihre IP-Adresse und der User-Agent Ihres Browsers erfasst, damit wir unerw\u00fcnschte Kommentare erkennen k\u00f6nnen.<\/p><p>Eine anonyme Zeichenfolge, die von Ihrer E-Mail-Adresse erstellt wird (auch Hash genannt), kann an den Gravatar-Dienst gesendet werden, um zu \u00fcberpr\u00fcfen, ob Sie diese verwenden. Die Datenschutzrichtlinie des Gravatar-Dienstes ist hier verf\u00fcgbar: https:\/\/automattic.com\/privacy\/. Nachdem Sie Ihren Kommentar best\u00e4tigt haben, wird Ihr Profilbild neben Ihrem Kommentar \u00f6ffentlich sichtbar sein.<\/p><h3 class=\"wp-block-heading\">Medien<\/h3><p>Wenn Sie ein registrierter Benutzer sind und Bilder auf die Website hochladen, raten wir Ihnen, das Hochladen von Bildern mit EXIF-GPS-Koordinatendaten zu vermeiden. Die Besucher Ihrer Website k\u00f6nnen die Standortdaten dieser Bilder herunterladen und extrahieren.<\/p><h3 class=\"wp-block-heading\">Kontaktformulare<\/h3><h3 class=\"wp-block-heading\">Cookies<\/h3><p>Wenn Sie einen Kommentar auf unserer Website hinterlassen, werden Sie gebeten, Ihren Namen, Ihre E-Mail-Adresse und Ihre Website in Cookies zu speichern. Dies ist nur zu Ihrer Bequemlichkeit, damit Sie diese Informationen nicht eingeben m\u00fcssen, wenn Sie sp\u00e4ter noch einen Kommentar abgeben. Diese Cookies verfallen nach einem Jahr.<\/p><p>Wenn Sie die Anmeldeseite aufrufen, wird ein tempor\u00e4res Cookie erstellt, um festzustellen, ob Ihr Browser Cookies akzeptiert. Sie enth\u00e4lt keine pers\u00f6nlichen Daten und wird automatisch gel\u00f6scht, wenn Sie Ihren Browser schlie\u00dfen.<\/p><p>Wenn Sie sich einloggen, setzen wir eine Reihe von Cookies, um Ihre Anmeldeinformationen und Bildschirmeinstellungen zu speichern. Die Lebensdauer eines Login-Cookies betr\u00e4gt zwei Tage, und die Lebensdauer eines Screen-Option-Cookies betr\u00e4gt ein Jahr. Wenn Sie &#8222;Remember me&#8220; ankreuzen, wird Ihr Login-Cookie zwei Wochen lang gespeichert. Wenn Sie sich von Ihrem Konto abmelden, wird das Login-Cookie gel\u00f6scht.<\/p><p>Bei der Bearbeitung oder Ver\u00f6ffentlichung einer Publikation wird ein zus\u00e4tzliches Cookie in Ihrem Browser gespeichert. Dieses Cookie enth\u00e4lt keine pers\u00f6nlichen Daten. Sie gibt lediglich die ID der Publikation an, die Sie gerade ge\u00e4ndert haben. Sie l\u00e4uft nach einem Tag ab.<\/p><h3 class=\"wp-block-heading\">Eingebettete Inhalte von anderen Websites<\/h3><p>Artikel auf dieser Website k\u00f6nnen eingebettete Inhalte (z.B. Videos, Bilder, Artikel&#8230;) enthalten. Inhalte, die von anderen Websites eingebettet sind, verhalten sich so, als ob der Besucher diese andere Website besuchen w\u00fcrde.<\/p><p>Diese Websites k\u00f6nnen Daten \u00fcber Sie sammeln, Cookies verwenden, Tracking-Tools von Dritten einbetten, Ihre Interaktionen mit solchen eingebetteten Inhalten verfolgen, wenn Sie ein Konto haben, das mit ihrer Website verbunden ist.<\/p><h3 class=\"wp-block-heading\">Publikumsstatistiken und Messungen<\/h3><h2 class=\"wp-block-heading\">Verwendung und \u00dcbermittlung Ihrer pers\u00f6nlichen Daten<\/h2><h2 class=\"wp-block-heading\">Wie lange speichern Sie Ihre Daten?<\/h2><p>Wenn Sie einen Kommentar hinterlassen, bleiben der Kommentar und seine Metadaten auf unbestimmte Zeit erhalten. Dadurch ist es m\u00f6glich, nachfolgende Kommentare automatisch zu erkennen und zu genehmigen, anstatt sie in der Moderationswarteschlange zu belassen.<\/p><p>F\u00fcr Benutzer, die sich auf unserer Website registrieren (wenn m\u00f6glich), speichern wir auch die in ihrem Profil angegebenen pers\u00f6nlichen Daten. Alle Benutzer k\u00f6nnen ihre pers\u00f6nlichen Daten jederzeit einsehen, \u00e4ndern oder l\u00f6schen (mit Ausnahme ihres Benutzernamens &#8211; Eis). Die Standortleiter k\u00f6nnen diese Informationen ebenfalls einsehen und \u00e4ndern.<\/p><h2 class=\"wp-block-heading\">Die Rechte, die Sie an Ihren Daten haben<\/h2><p>Wenn Sie ein Konto haben oder Kommentare auf der Website hinterlassen haben, k\u00f6nnen Sie eine Datei mit allen pers\u00f6nlichen Daten, die wir \u00fcber Sie besitzen, einschlie\u00dflich der Daten, die Sie uns zur Verf\u00fcgung gestellt haben, anfordern. Sie k\u00f6nnen auch die L\u00f6schung Ihrer pers\u00f6nlichen Daten beantragen. Dies schlie\u00dft nicht die Daten ein, die f\u00fcr administrative, rechtliche oder Sicherheitszwecke gespeichert werden.<\/p><h2 class=\"wp-block-heading\">\u00dcbermittlung Ihrer pers\u00f6nlichen Daten<\/h2><p>Die Kommentare der Besucher k\u00f6nnen mit Hilfe eines automatisierten Dienstes zur Erkennung unerw\u00fcnschter Kommentare \u00fcberpr\u00fcft werden.<\/p><h2 class=\"wp-block-heading\">Kontaktinformationen<\/h2><h2 class=\"wp-block-heading\">Weitere Informationen<\/h2><h3 class=\"wp-block-heading\">Wie wir Ihre Daten sch\u00fctzen<\/h3><h3 class=\"wp-block-heading\">Verfahren f\u00fcr den Fall eines Datenlecks<\/h3><h3 class=\"wp-block-heading\">Dienste Dritter, die Daten an uns \u00fcbermitteln<\/h3><h3 class=\"wp-block-heading\">Automatisierte Marketing- und\/oder Profilbildungsoperationen, die unter Verwendung pers\u00f6nlicher Daten durchgef\u00fchrt werden<\/h3><h3 class=\"wp-block-heading\">Anzeige von Informationen zu Sektoren, die spezifischen Vorschriften unterliegen<\/h3>","protected":false},"excerpt":{"rendered":"<p>Wer sind wir? Die Adresse unserer Website lautet\u00a0: http:\/\/www.lodges-chambord.com. Verwendung der gesammelten pers\u00f6nlichen Daten Anmerkungen Wenn Sie einen Kommentar auf unserer Website hinterlassen, werden die im Kommentarformular eingegebenen Daten, Ihre IP-Adresse und der User-Agent Ihres Browsers erfasst, damit wir unerw\u00fcnschte Kommentare erkennen k\u00f6nnen. Eine anonyme Zeichenfolge, die von Ihrer E-Mail-Adresse erstellt wird (auch Hash genannt), [&hellip;]<\/p>\n","protected":false},"author":1,"featured_media":0,"parent":0,"menu_order":0,"comment_status":"closed","ping_status":"closed","template":"","meta":{"_acf_changed":false,"inline_featured_image":false,"footnotes":""},"class_list":["post-1985","page","type-page","status-publish","hentry"],"acf":[],"yoast_head":"<!-- This site is optimized with the Yoast SEO plugin v23.9 - https:\/\/yoast.com\/wordpress\/plugins\/seo\/ -->\n<title>Datenschutzerkl\u00e4rung - Lodge bois Chambord<\/title>\n<meta name=\"robots\" content=\"noindex, nofollow\" \/>\n<meta property=\"og:locale\" content=\"de_DE\" \/>\n<meta property=\"og:type\" content=\"article\" \/>\n<meta property=\"og:title\" content=\"Datenschutzerkl\u00e4rung - Lodge bois Chambord\" \/>\n<meta property=\"og:description\" content=\"Wer sind wir? Die Adresse unserer Website lautet\u00a0: http:\/\/www.lodges-chambord.com. Verwendung der gesammelten pers\u00f6nlichen Daten Anmerkungen Wenn Sie einen Kommentar auf unserer Website hinterlassen, werden die im Kommentarformular eingegebenen Daten, Ihre IP-Adresse und der User-Agent Ihres Browsers erfasst, damit wir unerw\u00fcnschte Kommentare erkennen k\u00f6nnen. Eine anonyme Zeichenfolge, die von Ihrer E-Mail-Adresse erstellt wird (auch Hash genannt), [&hellip;]\" \/>\n<meta property=\"og:url\" content=\"https:\/\/www.lodges-chambord.com\/de\/datenschutzerklarung\/\" \/>\n<meta property=\"og:site_name\" content=\"Lodges de Blois Chambord\" \/>\n<meta property=\"article:modified_time\" content=\"2020-04-07T14:16:59+00:00\" \/>\n<meta name=\"twitter:card\" content=\"summary_large_image\" \/>\n<meta name=\"twitter:label1\" content=\"Gesch\u00e4tzte Lesezeit\" \/>\n\t<meta name=\"twitter:data1\" content=\"3\u00a0Minuten\" \/>\n<script type=\"application\/ld+json\" class=\"yoast-schema-graph\">{\"@context\":\"https:\/\/schema.org\",\"@graph\":[{\"@type\":\"WebPage\",\"@id\":\"https:\/\/www.lodges-chambord.com\/de\/datenschutzerklarung\/\",\"url\":\"https:\/\/www.lodges-chambord.com\/de\/datenschutzerklarung\/\",\"name\":\"Datenschutzerkl\u00e4rung - Lodge bois Chambord\",\"isPartOf\":{\"@id\":\"https:\/\/www.lodges-chambord.com\/de\/#website\"},\"datePublished\":\"2020-04-07T13:29:02+00:00\",\"dateModified\":\"2020-04-07T14:16:59+00:00\",\"breadcrumb\":{\"@id\":\"https:\/\/www.lodges-chambord.com\/de\/datenschutzerklarung\/#breadcrumb\"},\"inLanguage\":\"de\",\"potentialAction\":[{\"@type\":\"ReadAction\",\"target\":[\"https:\/\/www.lodges-chambord.com\/de\/datenschutzerklarung\/\"]}]},{\"@type\":\"BreadcrumbList\",\"@id\":\"https:\/\/www.lodges-chambord.com\/de\/datenschutzerklarung\/#breadcrumb\",\"itemListElement\":[{\"@type\":\"ListItem\",\"position\":1,\"name\":\"Camping Chambord\",\"item\":\"https:\/\/www.lodges-chambord.com\/de\/\"},{\"@type\":\"ListItem\",\"position\":2,\"name\":\"Datenschutzerklarung\"}]},{\"@type\":\"WebSite\",\"@id\":\"https:\/\/www.lodges-chambord.com\/de\/#website\",\"url\":\"https:\/\/www.lodges-chambord.com\/de\/\",\"name\":\"Lodges de Blois Chambord\",\"description\":\"\",\"potentialAction\":[{\"@type\":\"SearchAction\",\"target\":{\"@type\":\"EntryPoint\",\"urlTemplate\":\"https:\/\/www.lodges-chambord.com\/de\/?s={search_term_string}\"},\"query-input\":{\"@type\":\"PropertyValueSpecification\",\"valueRequired\":true,\"valueName\":\"search_term_string\"}}],\"inLanguage\":\"de\"}]}<\/script>\n<!-- \/ Yoast SEO plugin. -->","yoast_head_json":{"title":"Datenschutzerkl\u00e4rung - Lodge bois Chambord","robots":{"index":"noindex","follow":"nofollow"},"og_locale":"de_DE","og_type":"article","og_title":"Datenschutzerkl\u00e4rung - Lodge bois Chambord","og_description":"Wer sind wir? Die Adresse unserer Website lautet\u00a0: http:\/\/www.lodges-chambord.com. Verwendung der gesammelten pers\u00f6nlichen Daten Anmerkungen Wenn Sie einen Kommentar auf unserer Website hinterlassen, werden die im Kommentarformular eingegebenen Daten, Ihre IP-Adresse und der User-Agent Ihres Browsers erfasst, damit wir unerw\u00fcnschte Kommentare erkennen k\u00f6nnen. Eine anonyme Zeichenfolge, die von Ihrer E-Mail-Adresse erstellt wird (auch Hash genannt), [&hellip;]","og_url":"https:\/\/www.lodges-chambord.com\/de\/datenschutzerklarung\/","og_site_name":"Lodges de Blois Chambord","article_modified_time":"2020-04-07T14:16:59+00:00","twitter_card":"summary_large_image","twitter_misc":{"Gesch\u00e4tzte Lesezeit":"3\u00a0Minuten"},"schema":{"@context":"https:\/\/schema.org","@graph":[{"@type":"WebPage","@id":"https:\/\/www.lodges-chambord.com\/de\/datenschutzerklarung\/","url":"https:\/\/www.lodges-chambord.com\/de\/datenschutzerklarung\/","name":"Datenschutzerkl\u00e4rung - Lodge bois Chambord","isPartOf":{"@id":"https:\/\/www.lodges-chambord.com\/de\/#website"},"datePublished":"2020-04-07T13:29:02+00:00","dateModified":"2020-04-07T14:16:59+00:00","breadcrumb":{"@id":"https:\/\/www.lodges-chambord.com\/de\/datenschutzerklarung\/#breadcrumb"},"inLanguage":"de","potentialAction":[{"@type":"ReadAction","target":["https:\/\/www.lodges-chambord.com\/de\/datenschutzerklarung\/"]}]},{"@type":"BreadcrumbList","@id":"https:\/\/www.lodges-chambord.com\/de\/datenschutzerklarung\/#breadcrumb","itemListElement":[{"@type":"ListItem","position":1,"name":"Camping Chambord","item":"https:\/\/www.lodges-chambord.com\/de\/"},{"@type":"ListItem","position":2,"name":"Datenschutzerklarung"}]},{"@type":"WebSite","@id":"https:\/\/www.lodges-chambord.com\/de\/#website","url":"https:\/\/www.lodges-chambord.com\/de\/","name":"Lodges de Blois Chambord","description":"","potentialAction":[{"@type":"SearchAction","target":{"@type":"EntryPoint","urlTemplate":"https:\/\/www.lodges-chambord.com\/de\/?s={search_term_string}"},"query-input":{"@type":"PropertyValueSpecification","valueRequired":true,"valueName":"search_term_string"}}],"inLanguage":"de"}]}},"_links":{"self":[{"href":"https:\/\/www.lodges-chambord.com\/de\/wp-json\/wp\/v2\/pages\/1985"}],"collection":[{"href":"https:\/\/www.lodges-chambord.com\/de\/wp-json\/wp\/v2\/pages"}],"about":[{"href":"https:\/\/www.lodges-chambord.com\/de\/wp-json\/wp\/v2\/types\/page"}],"author":[{"embeddable":true,"href":"https:\/\/www.lodges-chambord.com\/de\/wp-json\/wp\/v2\/users\/1"}],"replies":[{"embeddable":true,"href":"https:\/\/www.lodges-chambord.com\/de\/wp-json\/wp\/v2\/comments?post=1985"}],"version-history":[{"count":0,"href":"https:\/\/www.lodges-chambord.com\/de\/wp-json\/wp\/v2\/pages\/1985\/revisions"}],"wp:attachment":[{"href":"https:\/\/www.lodges-chambord.com\/de\/wp-json\/wp\/v2\/media?parent=1985"}],"curies":[{"name":"wp","href":"https:\/\/api.w.org\/{rel}","templated":true}]}}