{"id":3711,"date":"2023-01-30T11:56:26","date_gmt":"2023-01-30T10:56:26","guid":{"rendered":"https:\/\/www.lodges-chambord.com\/a-decouvrir-val-de-loire\/"},"modified":"2023-06-22T11:00:27","modified_gmt":"2023-06-22T09:00:27","slug":"tourismus-im-loiretal","status":"publish","type":"page","link":"https:\/\/www.lodges-chambord.com\/de\/tourismus-im-loiretal\/","title":{"rendered":"D\u00e9couvrir le Val de Loire"},"content":{"rendered":"","protected":false},"excerpt":{"rendered":"","protected":false},"author":2,"featured_media":3196,"parent":0,"menu_order":0,"comment_status":"closed","ping_status":"closed","template":"","meta":{"_acf_changed":false,"inline_featured_image":false,"footnotes":""},"class_list":["post-3711","page","type-page","status-publish","has-post-thumbnail","hentry"],"acf":[],"yoast_head":"<!-- This site is optimized with the Yoast SEO plugin v23.9 - https:\/\/yoast.com\/wordpress\/plugins\/seo\/ -->\n<title>Camping Val de Loire | Lodges de Blois-Chambord<\/title>\n<meta name=\"description\" content=\"D\u00e9couvrez la r\u00e9gion Val de Loire, son patrimoine historique, ses paysages bucoliques depuis notre camping. Les ch\u00e2teaux de Chambord, Cheverny, ou Blois proches, l&#039;incontournable Zoo de Beauval ainsi que les vignobles de la r\u00e9gion.\" \/>\n<meta name=\"robots\" content=\"index, follow, max-snippet:-1, max-image-preview:large, max-video-preview:-1\" \/>\n<link rel=\"canonical\" href=\"https:\/\/www.lodges-chambord.com\/de\/tourismus-im-loiretal\/\" \/>\n<meta property=\"og:locale\" content=\"de_DE\" \/>\n<meta property=\"og:type\" content=\"article\" \/>\n<meta property=\"og:title\" content=\"Camping Val de Loire | Lodges de Blois-Chambord\" \/>\n<meta property=\"og:description\" content=\"D\u00e9couvrez la r\u00e9gion Val de Loire, son patrimoine historique, ses paysages bucoliques depuis notre camping. Les ch\u00e2teaux de Chambord, Cheverny, ou Blois proches, l&#039;incontournable Zoo de Beauval ainsi que les vignobles de la r\u00e9gion.\" \/>\n<meta property=\"og:url\" content=\"https:\/\/www.lodges-chambord.com\/de\/tourismus-im-loiretal\/\" \/>\n<meta property=\"og:site_name\" content=\"Lodges de Blois Chambord\" \/>\n<meta property=\"article:modified_time\" content=\"2023-06-22T09:00:27+00:00\" \/>\n<meta property=\"og:image\" content=\"https:\/\/www.lodges-chambord.com\/wp-content\/uploads\/2023\/01\/camping-val-de-loire.jpg\" \/>\n\t<meta property=\"og:image:width\" content=\"1903\" \/>\n\t<meta property=\"og:image:height\" content=\"500\" \/>\n\t<meta property=\"og:image:type\" content=\"image\/jpeg\" \/>\n<meta name=\"twitter:card\" content=\"summary_large_image\" \/>\n<script type=\"application\/ld+json\" class=\"yoast-schema-graph\">{\"@context\":\"https:\/\/schema.org\",\"@graph\":[{\"@type\":\"WebPage\",\"@id\":\"https:\/\/www.lodges-chambord.com\/de\/tourismus-im-loiretal\/\",\"url\":\"https:\/\/www.lodges-chambord.com\/de\/tourismus-im-loiretal\/\",\"name\":\"Camping Val de Loire | Lodges de Blois-Chambord\",\"isPartOf\":{\"@id\":\"https:\/\/www.lodges-chambord.com\/de\/#website\"},\"primaryImageOfPage\":{\"@id\":\"https:\/\/www.lodges-chambord.com\/de\/tourismus-im-loiretal\/#primaryimage\"},\"image\":{\"@id\":\"https:\/\/www.lodges-chambord.com\/de\/tourismus-im-loiretal\/#primaryimage\"},\"thumbnailUrl\":\"https:\/\/www.lodges-chambord.com\/wp-content\/uploads\/2023\/01\/camping-val-de-loire.jpg\",\"datePublished\":\"2023-01-30T10:56:26+00:00\",\"dateModified\":\"2023-06-22T09:00:27+00:00\",\"description\":\"D\u00e9couvrez la r\u00e9gion Val de Loire, son patrimoine historique, ses paysages bucoliques depuis notre camping. Les ch\u00e2teaux de Chambord, Cheverny, ou Blois proches, l'incontournable Zoo de Beauval ainsi que les vignobles de la r\u00e9gion.\",\"breadcrumb\":{\"@id\":\"https:\/\/www.lodges-chambord.com\/de\/tourismus-im-loiretal\/#breadcrumb\"},\"inLanguage\":\"de\",\"potentialAction\":[{\"@type\":\"ReadAction\",\"target\":[\"https:\/\/www.lodges-chambord.com\/de\/tourismus-im-loiretal\/\"]}]},{\"@type\":\"ImageObject\",\"inLanguage\":\"de\",\"@id\":\"https:\/\/www.lodges-chambord.com\/de\/tourismus-im-loiretal\/#primaryimage\",\"url\":\"https:\/\/www.lodges-chambord.com\/wp-content\/uploads\/2023\/01\/camping-val-de-loire.jpg\",\"contentUrl\":\"https:\/\/www.lodges-chambord.com\/wp-content\/uploads\/2023\/01\/camping-val-de-loire.jpg\",\"width\":1903,\"height\":500,\"caption\":\"camping Val de Loire\"},{\"@type\":\"BreadcrumbList\",\"@id\":\"https:\/\/www.lodges-chambord.com\/de\/tourismus-im-loiretal\/#breadcrumb\",\"itemListElement\":[{\"@type\":\"ListItem\",\"position\":1,\"name\":\"Camping Chambord\",\"item\":\"https:\/\/www.lodges-chambord.com\/de\/\"},{\"@type\":\"ListItem\",\"position\":2,\"name\":\"D\u00e9couvrir le Val de Loire\"}]},{\"@type\":\"WebSite\",\"@id\":\"https:\/\/www.lodges-chambord.com\/de\/#website\",\"url\":\"https:\/\/www.lodges-chambord.com\/de\/\",\"name\":\"Lodges de Blois Chambord\",\"description\":\"\",\"potentialAction\":[{\"@type\":\"SearchAction\",\"target\":{\"@type\":\"EntryPoint\",\"urlTemplate\":\"https:\/\/www.lodges-chambord.com\/de\/?s={search_term_string}\"},\"query-input\":{\"@type\":\"PropertyValueSpecification\",\"valueRequired\":true,\"valueName\":\"search_term_string\"}}],\"inLanguage\":\"de\"}]}<\/script>\n<!-- \/ Yoast SEO plugin. -->","yoast_head_json":{"title":"Camping Val de Loire | Lodges de Blois-Chambord","description":"D\u00e9couvrez la r\u00e9gion Val de Loire, son patrimoine historique, ses paysages bucoliques depuis notre camping. Les ch\u00e2teaux de Chambord, Cheverny, ou Blois proches, l'incontournable Zoo de Beauval ainsi que les vignobles de la r\u00e9gion.","robots":{"index":"index","follow":"follow","max-snippet":"max-snippet:-1","max-image-preview":"max-image-preview:large","max-video-preview":"max-video-preview:-1"},"canonical":"https:\/\/www.lodges-chambord.com\/de\/tourismus-im-loiretal\/","og_locale":"de_DE","og_type":"article","og_title":"Camping Val de Loire | Lodges de Blois-Chambord","og_description":"D\u00e9couvrez la r\u00e9gion Val de Loire, son patrimoine historique, ses paysages bucoliques depuis notre camping. Les ch\u00e2teaux de Chambord, Cheverny, ou Blois proches, l'incontournable Zoo de Beauval ainsi que les vignobles de la r\u00e9gion.","og_url":"https:\/\/www.lodges-chambord.com\/de\/tourismus-im-loiretal\/","og_site_name":"Lodges de Blois Chambord","article_modified_time":"2023-06-22T09:00:27+00:00","og_image":[{"width":1903,"height":500,"url":"https:\/\/www.lodges-chambord.com\/wp-content\/uploads\/2023\/01\/camping-val-de-loire.jpg","type":"image\/jpeg"}],"twitter_card":"summary_large_image","schema":{"@context":"https:\/\/schema.org","@graph":[{"@type":"WebPage","@id":"https:\/\/www.lodges-chambord.com\/de\/tourismus-im-loiretal\/","url":"https:\/\/www.lodges-chambord.com\/de\/tourismus-im-loiretal\/","name":"Camping Val de Loire | Lodges de Blois-Chambord","isPartOf":{"@id":"https:\/\/www.lodges-chambord.com\/de\/#website"},"primaryImageOfPage":{"@id":"https:\/\/www.lodges-chambord.com\/de\/tourismus-im-loiretal\/#primaryimage"},"image":{"@id":"https:\/\/www.lodges-chambord.com\/de\/tourismus-im-loiretal\/#primaryimage"},"thumbnailUrl":"https:\/\/www.lodges-chambord.com\/wp-content\/uploads\/2023\/01\/camping-val-de-loire.jpg","datePublished":"2023-01-30T10:56:26+00:00","dateModified":"2023-06-22T09:00:27+00:00","description":"D\u00e9couvrez la r\u00e9gion Val de Loire, son patrimoine historique, ses paysages bucoliques depuis notre camping. Les ch\u00e2teaux de Chambord, Cheverny, ou Blois proches, l'incontournable Zoo de Beauval ainsi que les vignobles de la r\u00e9gion.","breadcrumb":{"@id":"https:\/\/www.lodges-chambord.com\/de\/tourismus-im-loiretal\/#breadcrumb"},"inLanguage":"de","potentialAction":[{"@type":"ReadAction","target":["https:\/\/www.lodges-chambord.com\/de\/tourismus-im-loiretal\/"]}]},{"@type":"ImageObject","inLanguage":"de","@id":"https:\/\/www.lodges-chambord.com\/de\/tourismus-im-loiretal\/#primaryimage","url":"https:\/\/www.lodges-chambord.com\/wp-content\/uploads\/2023\/01\/camping-val-de-loire.jpg","contentUrl":"https:\/\/www.lodges-chambord.com\/wp-content\/uploads\/2023\/01\/camping-val-de-loire.jpg","width":1903,"height":500,"caption":"camping Val de Loire"},{"@type":"BreadcrumbList","@id":"https:\/\/www.lodges-chambord.com\/de\/tourismus-im-loiretal\/#breadcrumb","itemListElement":[{"@type":"ListItem","position":1,"name":"Camping Chambord","item":"https:\/\/www.lodges-chambord.com\/de\/"},{"@type":"ListItem","position":2,"name":"D\u00e9couvrir le Val de Loire"}]},{"@type":"WebSite","@id":"https:\/\/www.lodges-chambord.com\/de\/#website","url":"https:\/\/www.lodges-chambord.com\/de\/","name":"Lodges de Blois Chambord","description":"","potentialAction":[{"@type":"SearchAction","target":{"@type":"EntryPoint","urlTemplate":"https:\/\/www.lodges-chambord.com\/de\/?s={search_term_string}"},"query-input":{"@type":"PropertyValueSpecification","valueRequired":true,"valueName":"search_term_string"}}],"inLanguage":"de"}]}},"_links":{"self":[{"href":"https:\/\/www.lodges-chambord.com\/de\/wp-json\/wp\/v2\/pages\/3711"}],"collection":[{"href":"https:\/\/www.lodges-chambord.com\/de\/wp-json\/wp\/v2\/pages"}],"about":[{"href":"https:\/\/www.lodges-chambord.com\/de\/wp-json\/wp\/v2\/types\/page"}],"author":[{"embeddable":true,"href":"https:\/\/www.lodges-chambord.com\/de\/wp-json\/wp\/v2\/users\/2"}],"replies":[{"embeddable":true,"href":"https:\/\/www.lodges-chambord.com\/de\/wp-json\/wp\/v2\/comments?post=3711"}],"version-history":[{"count":0,"href":"https:\/\/www.lodges-chambord.com\/de\/wp-json\/wp\/v2\/pages\/3711\/revisions"}],"wp:featuredmedia":[{"embeddable":true,"href":"https:\/\/www.lodges-chambord.com\/de\/wp-json\/wp\/v2\/media\/3196"}],"wp:attachment":[{"href":"https:\/\/www.lodges-chambord.com\/de\/wp-json\/wp\/v2\/media?parent=3711"}],"curies":[{"name":"wp","href":"https:\/\/api.w.org\/{rel}","templated":true}]}}