{"id":1800,"date":"2020-04-07T09:45:48","date_gmt":"2020-04-07T07:45:48","guid":{"rendered":"http:\/\/www.lodges-chambord.com\/camping-activites-a-proximite\/"},"modified":"2024-12-03T15:24:24","modified_gmt":"2024-12-03T14:24:24","slug":"activiteiten-blois","status":"publish","type":"page","link":"https:\/\/www.lodges-chambord.com\/nl\/activiteiten-blois\/","title":{"rendered":"Camping : Activit\u00e9s \u00e0 proximit\u00e9"},"content":{"rendered":"","protected":false},"excerpt":{"rendered":"","protected":false},"author":1,"featured_media":4519,"parent":0,"menu_order":0,"comment_status":"closed","ping_status":"closed","template":"","meta":{"_acf_changed":false,"inline_featured_image":false,"footnotes":""},"class_list":["post-1800","page","type-page","status-publish","has-post-thumbnail","hentry"],"acf":[],"yoast_head":"<!-- This site is optimized with the Yoast SEO plugin v23.9 - https:\/\/yoast.com\/wordpress\/plugins\/seo\/ -->\n<title>Activiteiten in de buurt van de camping | Activiteiten in Blois (41)<\/title>\n<meta name=\"description\" content=\"Gratis Wifi, vissen, fietsverhuur, jeu de boulesbaan, sauna.\" \/>\n<meta name=\"robots\" content=\"index, follow, max-snippet:-1, max-image-preview:large, max-video-preview:-1\" \/>\n<link rel=\"canonical\" href=\"https:\/\/www.lodges-chambord.com\/nl\/activiteiten-blois\/\" \/>\n<meta property=\"og:locale\" content=\"nl_NL\" \/>\n<meta property=\"og:type\" content=\"article\" \/>\n<meta property=\"og:title\" content=\"Activiteiten in de buurt van de camping | Activiteiten in Blois (41)\" \/>\n<meta property=\"og:description\" content=\"Gratis Wifi, vissen, fietsverhuur, jeu de boulesbaan, sauna.\" \/>\n<meta property=\"og:url\" content=\"https:\/\/www.lodges-chambord.com\/nl\/activiteiten-blois\/\" \/>\n<meta property=\"og:site_name\" content=\"Lodges de Blois Chambord\" \/>\n<meta property=\"article:modified_time\" content=\"2024-12-03T14:24:24+00:00\" \/>\n<meta property=\"og:image\" content=\"https:\/\/www.lodges-chambord.com\/wp-content\/uploads\/2025\/07\/Capture-decran-2020-07-16-a-09.30.50-e1753178000495.webp\" \/>\n\t<meta property=\"og:image:width\" content=\"680\" \/>\n\t<meta property=\"og:image:height\" content=\"298\" \/>\n\t<meta property=\"og:image:type\" content=\"image\/webp\" \/>\n<meta name=\"twitter:card\" content=\"summary_large_image\" \/>\n<meta name=\"twitter:label1\" content=\"Geschatte leestijd\" \/>\n\t<meta name=\"twitter:data1\" content=\"1 minuut\" \/>\n<script type=\"application\/ld+json\" class=\"yoast-schema-graph\">{\"@context\":\"https:\/\/schema.org\",\"@graph\":[{\"@type\":\"WebPage\",\"@id\":\"https:\/\/www.lodges-chambord.com\/nl\/activiteiten-blois\/\",\"url\":\"https:\/\/www.lodges-chambord.com\/nl\/activiteiten-blois\/\",\"name\":\"Activiteiten in de buurt van de camping | Activiteiten in Blois (41)\",\"isPartOf\":{\"@id\":\"https:\/\/www.lodges-chambord.com\/nl\/#website\"},\"primaryImageOfPage\":{\"@id\":\"https:\/\/www.lodges-chambord.com\/nl\/activiteiten-blois\/#primaryimage\"},\"image\":{\"@id\":\"https:\/\/www.lodges-chambord.com\/nl\/activiteiten-blois\/#primaryimage\"},\"thumbnailUrl\":\"https:\/\/www.lodges-chambord.com\/wp-content\/uploads\/2025\/07\/Capture-decran-2020-07-16-a-09.30.50-e1753178000495.webp\",\"datePublished\":\"2020-04-07T07:45:48+00:00\",\"dateModified\":\"2024-12-03T14:24:24+00:00\",\"description\":\"Gratis Wifi, vissen, fietsverhuur, jeu de boulesbaan, sauna.\",\"breadcrumb\":{\"@id\":\"https:\/\/www.lodges-chambord.com\/nl\/activiteiten-blois\/#breadcrumb\"},\"inLanguage\":\"nl-NL\",\"potentialAction\":[{\"@type\":\"ReadAction\",\"target\":[\"https:\/\/www.lodges-chambord.com\/nl\/activiteiten-blois\/\"]}]},{\"@type\":\"ImageObject\",\"inLanguage\":\"nl-NL\",\"@id\":\"https:\/\/www.lodges-chambord.com\/nl\/activiteiten-blois\/#primaryimage\",\"url\":\"https:\/\/www.lodges-chambord.com\/wp-content\/uploads\/2025\/07\/Capture-decran-2020-07-16-a-09.30.50-e1753178000495.webp\",\"contentUrl\":\"https:\/\/www.lodges-chambord.com\/wp-content\/uploads\/2025\/07\/Capture-decran-2020-07-16-a-09.30.50-e1753178000495.webp\",\"width\":680,\"height\":298},{\"@type\":\"BreadcrumbList\",\"@id\":\"https:\/\/www.lodges-chambord.com\/nl\/activiteiten-blois\/#breadcrumb\",\"itemListElement\":[{\"@type\":\"ListItem\",\"position\":1,\"name\":\"Camping Chambord\",\"item\":\"https:\/\/www.lodges-chambord.com\/nl\/\"},{\"@type\":\"ListItem\",\"position\":2,\"name\":\"Activiteiten in Blois\"}]},{\"@type\":\"WebSite\",\"@id\":\"https:\/\/www.lodges-chambord.com\/nl\/#website\",\"url\":\"https:\/\/www.lodges-chambord.com\/nl\/\",\"name\":\"Lodges de Blois Chambord\",\"description\":\"\",\"potentialAction\":[{\"@type\":\"SearchAction\",\"target\":{\"@type\":\"EntryPoint\",\"urlTemplate\":\"https:\/\/www.lodges-chambord.com\/nl\/?s={search_term_string}\"},\"query-input\":{\"@type\":\"PropertyValueSpecification\",\"valueRequired\":true,\"valueName\":\"search_term_string\"}}],\"inLanguage\":\"nl-NL\"}]}<\/script>\n<!-- \/ Yoast SEO plugin. -->","yoast_head_json":{"title":"Activiteiten in de buurt van de camping | Activiteiten in Blois (41)","description":"Gratis Wifi, vissen, fietsverhuur, jeu de boulesbaan, sauna.","robots":{"index":"index","follow":"follow","max-snippet":"max-snippet:-1","max-image-preview":"max-image-preview:large","max-video-preview":"max-video-preview:-1"},"canonical":"https:\/\/www.lodges-chambord.com\/nl\/activiteiten-blois\/","og_locale":"nl_NL","og_type":"article","og_title":"Activiteiten in de buurt van de camping | Activiteiten in Blois (41)","og_description":"Gratis Wifi, vissen, fietsverhuur, jeu de boulesbaan, sauna.","og_url":"https:\/\/www.lodges-chambord.com\/nl\/activiteiten-blois\/","og_site_name":"Lodges de Blois Chambord","article_modified_time":"2024-12-03T14:24:24+00:00","og_image":[{"width":680,"height":298,"url":"https:\/\/www.lodges-chambord.com\/wp-content\/uploads\/2025\/07\/Capture-decran-2020-07-16-a-09.30.50-e1753178000495.webp","type":"image\/webp"}],"twitter_card":"summary_large_image","twitter_misc":{"Geschatte leestijd":"1 minuut"},"schema":{"@context":"https:\/\/schema.org","@graph":[{"@type":"WebPage","@id":"https:\/\/www.lodges-chambord.com\/nl\/activiteiten-blois\/","url":"https:\/\/www.lodges-chambord.com\/nl\/activiteiten-blois\/","name":"Activiteiten in de buurt van de camping | Activiteiten in Blois (41)","isPartOf":{"@id":"https:\/\/www.lodges-chambord.com\/nl\/#website"},"primaryImageOfPage":{"@id":"https:\/\/www.lodges-chambord.com\/nl\/activiteiten-blois\/#primaryimage"},"image":{"@id":"https:\/\/www.lodges-chambord.com\/nl\/activiteiten-blois\/#primaryimage"},"thumbnailUrl":"https:\/\/www.lodges-chambord.com\/wp-content\/uploads\/2025\/07\/Capture-decran-2020-07-16-a-09.30.50-e1753178000495.webp","datePublished":"2020-04-07T07:45:48+00:00","dateModified":"2024-12-03T14:24:24+00:00","description":"Gratis Wifi, vissen, fietsverhuur, jeu de boulesbaan, sauna.","breadcrumb":{"@id":"https:\/\/www.lodges-chambord.com\/nl\/activiteiten-blois\/#breadcrumb"},"inLanguage":"nl-NL","potentialAction":[{"@type":"ReadAction","target":["https:\/\/www.lodges-chambord.com\/nl\/activiteiten-blois\/"]}]},{"@type":"ImageObject","inLanguage":"nl-NL","@id":"https:\/\/www.lodges-chambord.com\/nl\/activiteiten-blois\/#primaryimage","url":"https:\/\/www.lodges-chambord.com\/wp-content\/uploads\/2025\/07\/Capture-decran-2020-07-16-a-09.30.50-e1753178000495.webp","contentUrl":"https:\/\/www.lodges-chambord.com\/wp-content\/uploads\/2025\/07\/Capture-decran-2020-07-16-a-09.30.50-e1753178000495.webp","width":680,"height":298},{"@type":"BreadcrumbList","@id":"https:\/\/www.lodges-chambord.com\/nl\/activiteiten-blois\/#breadcrumb","itemListElement":[{"@type":"ListItem","position":1,"name":"Camping Chambord","item":"https:\/\/www.lodges-chambord.com\/nl\/"},{"@type":"ListItem","position":2,"name":"Activiteiten in Blois"}]},{"@type":"WebSite","@id":"https:\/\/www.lodges-chambord.com\/nl\/#website","url":"https:\/\/www.lodges-chambord.com\/nl\/","name":"Lodges de Blois Chambord","description":"","potentialAction":[{"@type":"SearchAction","target":{"@type":"EntryPoint","urlTemplate":"https:\/\/www.lodges-chambord.com\/nl\/?s={search_term_string}"},"query-input":{"@type":"PropertyValueSpecification","valueRequired":true,"valueName":"search_term_string"}}],"inLanguage":"nl-NL"}]}},"_links":{"self":[{"href":"https:\/\/www.lodges-chambord.com\/nl\/wp-json\/wp\/v2\/pages\/1800"}],"collection":[{"href":"https:\/\/www.lodges-chambord.com\/nl\/wp-json\/wp\/v2\/pages"}],"about":[{"href":"https:\/\/www.lodges-chambord.com\/nl\/wp-json\/wp\/v2\/types\/page"}],"author":[{"embeddable":true,"href":"https:\/\/www.lodges-chambord.com\/nl\/wp-json\/wp\/v2\/users\/1"}],"replies":[{"embeddable":true,"href":"https:\/\/www.lodges-chambord.com\/nl\/wp-json\/wp\/v2\/comments?post=1800"}],"version-history":[{"count":1,"href":"https:\/\/www.lodges-chambord.com\/nl\/wp-json\/wp\/v2\/pages\/1800\/revisions"}],"predecessor-version":[{"id":4318,"href":"https:\/\/www.lodges-chambord.com\/nl\/wp-json\/wp\/v2\/pages\/1800\/revisions\/4318"}],"wp:featuredmedia":[{"embeddable":true,"href":"https:\/\/www.lodges-chambord.com\/nl\/wp-json\/wp\/v2\/media\/4519"}],"wp:attachment":[{"href":"https:\/\/www.lodges-chambord.com\/nl\/wp-json\/wp\/v2\/media?parent=1800"}],"curies":[{"name":"wp","href":"https:\/\/api.w.org\/{rel}","templated":true}]}}